{"id":502,"date":"2026-03-05T20:26:19","date_gmt":"2026-03-05T20:26:19","guid":{"rendered":"https:\/\/pharmacieduboisbajart.be\/?page_id=502"},"modified":"2026-03-05T20:28:00","modified_gmt":"2026-03-05T20:28:00","slug":"wellbutrin-bupropion-kopen-belgie","status":"publish","type":"page","link":"https:\/\/pharmacieduboisbajart.be\/fr\/product\/wellbutrin-bupropion-kopen-belgie","title":{"rendered":"Wellbutrin (Bupropion) kopen Belgi\u00eb \u2013 prijs, dosering &#038; medische info"},"content":{"rendered":"<div data-elementor-type=\"wp-page\" data-elementor-id=\"502\" class=\"elementor elementor-502\" data-elementor-post-type=\"page\">\n\t\t\t\t<div class=\"elementor-element elementor-element-28094c3c e-flex e-con-boxed e-con e-parent\" data-id=\"28094c3c\" data-element_type=\"container\" data-e-type=\"container\">\n\t\t\t\t\t<div class=\"e-con-inner\">\n\t\t\t\t<div class=\"elementor-element elementor-element-25753da elementor-widget elementor-widget-html\" data-id=\"25753da\" data-element_type=\"widget\" data-e-type=\"widget\" data-widget_type=\"html.default\">\n\t\t\t\t<div class=\"elementor-widget-container\">\n\t\t\t\t\t<style>\n#pharma-about {\n  font-family: \"Inter\", \"Helvetica Neue\", Arial, sans-serif;\n  color: #222;\n  background-color: #fff;\n  line-height: 1.6;\n  max-width: 860px;\n  margin: 0 auto;\n  padding: 2rem 1.5rem;\n}\n\n\/* ======= Koppen ======= *\/\n#pharma-about h1, \n#pharma-about h2 {\n  color: #006b5f;\n  font-weight: 600;\n  margin-top: 2rem;\n  margin-bottom: 1rem;\n}\n\n#pharma-about h1 {\n  font-size: 2rem;\n  text-align: center;\n}\n\n#pharma-about h2 {\n  font-size: 1.4rem;\n}\n\n\/* ======= Tekst en lijsten ======= *\/\n#pharma-about p {\n  margin-bottom: 1rem;\n}\n\n#pharma-about ul, \n#pharma-about ol {\n  margin: 0 0 1.5rem 1.5rem;\n}\n\n#pharma-about blockquote {\n  border-left: 4px solid #8bd1c5;\n  padding-left: 1rem;\n  color: #555;\n  font-style: italic;\n  background-color: #f7fdfb;\n  margin: 1.5rem 0;\n}\n\n\/* ======= Tabellen ======= *\/\n#pharma-about table {\n  width: 100%;\n  border-collapse: collapse;\n  margin: 1.5rem 0;\n  font-size: 0.95rem;\n}\n\n#pharma-about thead th {\n  background-color: #d9f2eb;\n  color: #222;\n  padding: 0.6rem;\n  text-align: left;\n  border-bottom: 2px solid #8bd1c5;\n}\n\n#pharma-about tbody td {\n  border-bottom: 1px solid #e5e5e5;\n  padding: 0.6rem;\n  color: #333;\n}\n\n\/* ======= Knoppen en links ======= *\/\n#pharma-about a {\n  color: #007b6f;\n  text-decoration: none;\n}\n#pharma-about a:hover {\n  text-decoration: underline;\n}\n\n\/* Primaire knop *\/\n#pharma-about .btn {\n  display: inline-block;\n  background-color: #009e8e;\n  color: #fff;\n  padding: 0.6rem 1.2rem;\n  border-radius: 0.4rem;\n  font-weight: 500;\n  text-decoration: none;\n  transition: background-color 0.2s ease-in-out;\n}\n#pharma-about .btn:hover {\n  background-color: #007b6f;\n}\n\n\/* ======= Kleine details ======= *\/\n#pharma-about small {\n  color: #666;\n  font-size: 0.9em;\n}\n\n#pharma-about em {\n  color: #006b5f;\n}\n\n#pharma-about footer {\n  margin-top: 3rem;\n  border-top: 1px solid #eee;\n  padding-top: 1.5rem;\n  text-align: center;\n}\n\n\/* ======= Responsive ======= *\/\n@media (max-width: 600px) {\n  #pharma-about {\n    padding: 1.5rem 1rem;\n  }\n  #pharma-about table, \n  #pharma-about thead, \n  #pharma-about tbody, \n  #pharma-about th, \n  #pharma-about td, \n  #pharma-about tr {\n    display: block;\n  }\n  #pharma-about thead {\n    display: none;\n  }\n  #pharma-about tr {\n    margin-bottom: 0.8rem;\n    border-bottom: 1px solid #eee;\n    padding-bottom: 0.8rem;\n  }\n  #pharma-about td {\n    padding: 0.4rem 0;\n  }\n}\n<\/style>\n<div id=\"pharma-about\">\n<h1>Acheter du Wellbutrin (bupropion) en Belgique \u2013 informations m\u00e9dicales et commande s\u00e9curis\u00e9e<\/h1>\n\n<p>Est-ce que tu veux <strong>Acheter du Wellbutrin en Belgique<\/strong>Wellbutrin contient l&#039;ingr\u00e9dient actif <strong>bupropion<\/strong> et est prescrit pour les troubles d\u00e9pressifs et le trouble affectif saisonnier. C&#039;est un <strong>m\u00e9dicament sur ordonnance<\/strong> qui ne doivent \u00eatre utilis\u00e9s que sous surveillance m\u00e9dicale.<\/p>\n\n\n<p>Sur cette page, vous trouverez des informations compl\u00e8tes sur ses effets, sa posologie, son innocuit\u00e9, ses effets secondaires et comment vous procurer du Wellbutrin en toute s\u00e9curit\u00e9 aupr\u00e8s d&#039;une pharmacie belge agr\u00e9\u00e9e.<\/p>\n\n<hr>\n\n<section class=\"trust-layer\">\n<h2>Informations m\u00e9dicalement v\u00e9rifi\u00e9es<\/h2>\n<p>Cette page est bas\u00e9e sur les informations officielles europ\u00e9ennes concernant le produit et a \u00e9t\u00e9 relue par un m\u00e9decin exp\u00e9riment\u00e9 en psychiatrie et en pharmacoth\u00e9rapie.<\/p>\n<p>Source: \n<a href=\"https:\/\/www.fagg-afmps.be\" target=\"_blank\" rel=\"noopener\">\nFAGG \u2013 Agence f\u00e9d\u00e9rale des m\u00e9dicaments et des produits de sant\u00e9\n<\/a><\/p>\n<p><em>Derni\u00e8re mise \u00e0 jour : 2026<\/em><\/p>\n<\/section>\n\n<hr>\n\n<section class=\"product-overview\">\n<h2>Pr\u00e9sentation du produit \u2013 Wellbutrin (bupropion)<\/h2>\n<ul>\n<li><strong>Substance active :<\/strong> chlorhydrate de bupropion<\/li>\n<li><strong>Classe de m\u00e9dicament :<\/strong> NDRI (inhibiteur de la recapture de la noradr\u00e9naline et de la dopamine)<\/li>\n<li><strong>Indication:<\/strong> Trouble d\u00e9pressif majeur, trouble affectif saisonnier<\/li>\n<li><strong>Administration:<\/strong> Comprim\u00e9s oraux (\u00e0 lib\u00e9ration prolong\u00e9e)<\/li>\n<li><strong>Usage:<\/strong> Quotidiennement selon la prescription<\/li>\n<li><strong>Ordonnance requise en Belgique\u00a0:<\/strong> Oui<\/li>\n<\/ul>\n<\/section>\n\n<hr>\n<h2>Emballage et prix disponibles en Belgique<\/h2>\n\n<table>\n<thead>\n<tr>\n<th>Dosage<\/th>\n<th>Conditionnement<\/th>\n<th>Prix (EUR)<\/th>\n<\/tr>\n<\/thead>\n<tbody>\n<tr>\n<td>150 mg<\/td>\n<td>30 comprim\u00e9s<\/td>\n<td>\u20ac69,00<\/td>\n<\/tr>\n<tr>\n<td>150 mg<\/td>\n<td>90 comprim\u00e9s<\/td>\n<td>\u20ac179,00<\/td>\n<\/tr>\n<tr>\n<td>300 mg<\/td>\n<td>30 comprim\u00e9s<\/td>\n<td>\u20ac89,00<\/td>\n<\/tr>\n<tr>\n<td>300 mg<\/td>\n<td>90 comprim\u00e9s<\/td>\n<td>\u20ac239,00<\/td>\n<\/tr>\n<\/tbody>\n<\/table>\n\n<p><em>Les prix peuvent varier selon le fournisseur et la disponibilit\u00e9. Disponible uniquement sur ordonnance valide.<\/em><\/p>\n\n<hr>\n\n\n<h2>Livraison en Belgique \u2013 d\u00e9lais de livraison estim\u00e9s par ville<\/h2>\n\n<table>\n<thead>\n<tr>\n<th>Ville<\/th>\n<th>Livraison estim\u00e9e<\/th>\n<\/tr>\n<\/thead>\n<tbody>\n<tr>\n<td>Bruxelles<\/td>\n<td>1 \u00e0 2 jours ouvrables<\/td>\n<\/tr>\n<tr>\n<td>Anvers<\/td>\n<td>1 \u00e0 2 jours ouvrables<\/td>\n<\/tr>\n<tr>\n<td>Gand<\/td>\n<td>1 \u00e0 2 jours ouvrables<\/td>\n<\/tr>\n<tr>\n<td>Charleroi<\/td>\n<td>2 \u00e0 3 jours ouvrables<\/td>\n<\/tr>\n<tr>\n<td>Obturateur<\/td>\n<td>2 \u00e0 3 jours ouvrables<\/td>\n<\/tr>\n<tr>\n<td>Bruges<\/td>\n<td>1 \u00e0 3 jours ouvrables<\/td>\n<\/tr>\n<tr>\n<td>Louvain<\/td>\n<td>1 \u00e0 2 jours ouvrables<\/td>\n<\/tr>\n<\/tbody>\n<\/table>\n\n<p>Toutes les commandes sont emball\u00e9es discr\u00e8tement et exp\u00e9di\u00e9es conform\u00e9ment \u00e0 la r\u00e9glementation belge.<\/p>\n\n<hr>\n\n<h2>Qu\u2019est-ce que le Wellbutrin et comment fonctionne le bupropion\u00a0?<\/h2>\n\n<p>Wellbutrin contient <strong>bupropion<\/strong>, Il s&#039;agit d&#039;un antid\u00e9presseur qui agit sur les neurotransmetteurs dopamine et noradr\u00e9naline dans le cerveau. Contrairement \u00e0 de nombreux autres antid\u00e9presseurs, son effet sur la s\u00e9rotonine est minime.<\/p>\n\n<p>Cette action unique rend le Wellbutrin adapt\u00e9 \u00e0 certains patients chez lesquels les ISRS classiques sont insuffisamment efficaces ou provoquent des effets secondaires ind\u00e9sirables.<\/p>\n\n<p>L&#039;effet th\u00e9rapeutique se manifeste g\u00e9n\u00e9ralement apr\u00e8s 1 \u00e0 3 semaines, avec une \u00e9valuation compl\u00e8te apr\u00e8s quelques semaines de traitement.<\/p>\n\n<hr>\n\n<h2>Posologie et utilisation en Belgique<\/h2>\n\n<p>La posologie du Wellbutrin est d\u00e9termin\u00e9e individuellement par un m\u00e9decin. La dose initiale habituelle est de 150 mg par jour, avec possibilit\u00e9 d&#039;augmentation en fonction de la r\u00e9ponse et de la tol\u00e9rance.<\/p>\n\n<h3>Conseils d&#039;utilisation importants<\/h3>\n<ul>\n<li>Avaler les comprim\u00e9s entiers (ne pas les casser ni les m\u00e2cher).<\/li>\n<li>\u00c0 prendre \u00e0 heures fixes<\/li>\n<li>N\u2019arr\u00eatez pas brusquement sans consulter un m\u00e9decin.<\/li>\n<li>Limitez votre consommation d&#039;alcool<\/li>\n<\/ul>\n\n<hr>\n\n<h2>Quand ne faut-il pas utiliser Wellbutrin\u00a0?<\/h2>\n\n<ul>\n<li>En cas d&#039;\u00e9pilepsie ou de risque accru de crises d&#039;\u00e9pilepsie<\/li>\n<li>Dans les troubles alimentaires (tels que la boulimie ou l&#039;anorexie)<\/li>\n<li>Lors de l&#039;utilisation simultan\u00e9e d&#039;inhibiteurs de la MAO<\/li>\n<li>Dans les cas de cirrhose s\u00e9v\u00e8re du foie<\/li>\n<li>En cas d&#039;allergie au bupropion<\/li>\n<\/ul>\n\n<hr>\n\n<h2>Effets secondaires possibles<\/h2>\n\n<ul>\n<li>Probl\u00e8mes de sommeil<\/li>\n<li>Bouche s\u00e8che<\/li>\n<li>Mal de t\u00eate<\/li>\n<li>Naus\u00e9e<\/li>\n<li>Augmentation de la pression art\u00e9rielle<\/li>\n<\/ul>\n\n<p>Dans de rares cas, des crises d&#039;\u00e9pilepsie peuvent survenir. Consultez imm\u00e9diatement un m\u00e9decin si les sympt\u00f4mes sont graves.<\/p>\n\n<hr>\n\n<h2>S\u00e9curit\u00e9 et surveillance<\/h2>\n\n<p>Le traitement par Wellbutrin n\u00e9cessite un suivi m\u00e9dical r\u00e9gulier, surtout pendant les premi\u00e8res semaines. En cas de changements d&#039;humeur, d&#039;anxi\u00e9t\u00e9 ou de pens\u00e9es suicidaires, consultez imm\u00e9diatement un m\u00e9decin.<\/p>\n\n<p>Utilisez ce m\u00e9dicament uniquement selon la prescription de votre m\u00e9decin.<\/p>\n\n<hr>\n\n<section class=\"cta-blok\">\n<h2>Obtenez du Wellbutrin aupr\u00e8s d&#039;une pharmacie agr\u00e9\u00e9e en Belgique.<\/h2>\n\n<p>Le Wellbutrin est un m\u00e9dicament d\u00e9livr\u00e9 uniquement sur ordonnance. Vous ne pouvez vous le procurer qu&#039;avec une ordonnance valide d&#039;un m\u00e9decin.<\/p>\n\n<ul>\n<li>\u2714 Traitement discret de votre commande<\/li>\n<li>\u2714 Conform\u00e9ment \u00e0 la r\u00e9glementation belge<\/li>\n<li>\u2714 Assistance professionnelle<\/li>\n<\/ul>\n\n<p>Veuillez contacter votre m\u00e9decin pour une \u00e9valuation m\u00e9dicale appropri\u00e9e.<\/p>\n<\/section>\n\n<hr>\n\n<h2>Questions fr\u00e9quemment pos\u00e9es sur le Wellbutrin (bupropion)<\/h2>\n\n<h3>Puis-je acheter du Wellbutrin en ligne en Belgique\u00a0?<\/h3>\n<p>Le Wellbutrin est un m\u00e9dicament sur ordonnance et ne peut \u00eatre obtenu que dans une pharmacie agr\u00e9\u00e9e sur pr\u00e9sentation d&#039;une ordonnance valide.<\/p>\n\n<h3>En combien de temps le bupropion agit-il\u00a0?<\/h3>\n<p>Les premiers effets sont g\u00e9n\u00e9ralement perceptibles apr\u00e8s 1 \u00e0 3 semaines.<\/p>\n\n<h3>Le Wellbutrin est-il adapt\u00e9 au sevrage tabagique\u00a0?<\/h3>\n<p>Le bupropion entre dans la composition de certains traitements pour le sevrage tabagique, mais son utilisation varie selon l&#039;indication et la posologie. Consultez un m\u00e9decin.<\/p>\n\n<h3>Puis-je consommer de l&#039;alcool pendant le traitement\u00a0?<\/h3>\n<p>L&#039;alcool peut augmenter le risque d&#039;effets secondaires et doit \u00eatre limit\u00e9 ou \u00e9vit\u00e9.<\/p>\n\n<hr>\n<script type=\"application\/ld+json\">\n{\n \"@context\": \"https:\/\/schema.org\",\n \"@type\": \"Drug\",\n \"name\": \"Wellbutrin\",\n \"activeIngredient\": \"Bupropion\",\n \"prescriptionStatus\": \"https:\/\/schema.org\/PrescriptionOnly\",\n \"description\": \"Wellbutrin (bupropion) is een receptplichtig antidepressivum verkrijgbaar in Belgi\u00eb met medisch voorschrift.\",\n \"offers\": {\n   \"@type\": \"Offer\",\n   \"priceCurrency\": \"EUR\",\n   \"price\": \"69.00\",\n   \"availability\": \"https:\/\/schema.org\/InStock\"\n }\n}\n<\/script>\n<\/div>\t\t\t\t<\/div>\n\t\t\t\t<\/div>\n\t\t\t\t\t<\/div>\n\t\t\t\t<\/div>\n\t\t\t\t<\/div>","protected":false},"excerpt":{"rendered":"<p>Wellbutrin (Bupropion) kopen in Belgi\u00eb \u2013 medische informatie &amp; veilig bestellen Wilt u Wellbutrin kopen in Belgi\u00eb? Wellbutrin bevat de werkzame stof bupropion en wordt voorgeschreven bij depressieve stoornissen en seizoensgebonden depressie. Het is een receptplichtig geneesmiddel dat uitsluitend gebruikt mag worden onder medische begeleiding. Op deze pagina vindt u uitgebreide informatie over werking, dosering, [&hellip;]<\/p>\n","protected":false},"author":1,"featured_media":0,"parent":106,"menu_order":0,"comment_status":"closed","ping_status":"closed","template":"","meta":{"footnotes":""},"class_list":["post-502","page","type-page","status-publish","hentry"],"yoast_head":"<!-- This site is optimized with the Yoast SEO plugin v27.4 - https:\/\/yoast.com\/product\/yoast-seo-wordpress\/ -->\n<title>Wellbutrin (Bupropion) kopen Belgi\u00eb \u2013 prijs, dosering &amp; medische info - Dubois-Bajart<\/title>\n<meta name=\"description\" content=\"Wellbutrin (bupropion) kopen in Belgi\u00eb? Ontdek prijs per verpakking, werking, veiligheid en levering per stad. Receptplichtig antidepressivum via erkende apotheek.\" \/>\n<meta name=\"robots\" content=\"index, follow, max-snippet:-1, max-image-preview:large, max-video-preview:-1\" \/>\n<link rel=\"canonical\" href=\"https:\/\/pharmacieduboisbajart.be\/fr\/product\/wellbutrin-bupropion-kopen-belgie\/\" \/>\n<meta property=\"og:locale\" content=\"fr_FR\" \/>\n<meta property=\"og:type\" content=\"article\" \/>\n<meta property=\"og:title\" content=\"Wellbutrin (Bupropion) kopen Belgi\u00eb \u2013 prijs, dosering &amp; medische info - Dubois-Bajart\" \/>\n<meta property=\"og:description\" content=\"Wellbutrin (bupropion) kopen in Belgi\u00eb? Ontdek prijs per verpakking, werking, veiligheid en levering per stad. Receptplichtig antidepressivum via erkende apotheek.\" \/>\n<meta property=\"og:url\" content=\"https:\/\/pharmacieduboisbajart.be\/fr\/product\/wellbutrin-bupropion-kopen-belgie\/\" \/>\n<meta property=\"og:site_name\" content=\"Dubois-Bajart\" \/>\n<meta property=\"article:modified_time\" content=\"2026-03-05T20:28:00+00:00\" \/>\n<meta name=\"twitter:card\" content=\"summary_large_image\" \/>\n<meta name=\"twitter:label1\" content=\"Dur\u00e9e de lecture estim\u00e9e\" \/>\n\t<meta name=\"twitter:data1\" content=\"3 minutes\" \/>\n<script type=\"application\/ld+json\" class=\"yoast-schema-graph\">{\"@context\":\"https:\\\/\\\/schema.org\",\"@graph\":[{\"@type\":\"WebPage\",\"@id\":\"https:\\\/\\\/pharmacieduboisbajart.be\\\/product\\\/wellbutrin-bupropion-kopen-belgie\",\"url\":\"https:\\\/\\\/pharmacieduboisbajart.be\\\/product\\\/wellbutrin-bupropion-kopen-belgie\",\"name\":\"Wellbutrin (Bupropion) kopen Belgi\u00eb \u2013 prijs, dosering & medische info - Dubois-Bajart\",\"isPartOf\":{\"@id\":\"https:\\\/\\\/pharmacieduboisbajart.be\\\/#website\"},\"datePublished\":\"2026-03-05T20:26:19+00:00\",\"dateModified\":\"2026-03-05T20:28:00+00:00\",\"description\":\"Wellbutrin (bupropion) kopen in Belgi\u00eb? Ontdek prijs per verpakking, werking, veiligheid en levering per stad. Receptplichtig antidepressivum via erkende apotheek.\",\"breadcrumb\":{\"@id\":\"https:\\\/\\\/pharmacieduboisbajart.be\\\/product\\\/wellbutrin-bupropion-kopen-belgie#breadcrumb\"},\"inLanguage\":\"fr-FR\",\"potentialAction\":[{\"@type\":\"ReadAction\",\"target\":[\"https:\\\/\\\/pharmacieduboisbajart.be\\\/product\\\/wellbutrin-bupropion-kopen-belgie\"]}]},{\"@type\":\"BreadcrumbList\",\"@id\":\"https:\\\/\\\/pharmacieduboisbajart.be\\\/product\\\/wellbutrin-bupropion-kopen-belgie#breadcrumb\",\"itemListElement\":[{\"@type\":\"ListItem\",\"position\":1,\"name\":\"Home\",\"item\":\"https:\\\/\\\/pharmacieduboisbajart.be\\\/\"},{\"@type\":\"ListItem\",\"position\":2,\"name\":\"Product\",\"item\":\"https:\\\/\\\/pharmacieduboisbajart.be\\\/product\\\/\"},{\"@type\":\"ListItem\",\"position\":3,\"name\":\"Wellbutrin (Bupropion) kopen Belgi\u00eb \u2013 prijs, dosering &#038; medische info\"}]},{\"@type\":\"WebSite\",\"@id\":\"https:\\\/\\\/pharmacieduboisbajart.be\\\/#website\",\"url\":\"https:\\\/\\\/pharmacieduboisbajart.be\\\/\",\"name\":\"Dubois-Bajart\",\"description\":\"\",\"potentialAction\":[{\"@type\":\"SearchAction\",\"target\":{\"@type\":\"EntryPoint\",\"urlTemplate\":\"https:\\\/\\\/pharmacieduboisbajart.be\\\/?s={search_term_string}\"},\"query-input\":{\"@type\":\"PropertyValueSpecification\",\"valueRequired\":true,\"valueName\":\"search_term_string\"}}],\"inLanguage\":\"fr-FR\"}]}<\/script>\n<!-- \/ Yoast SEO plugin. -->","yoast_head_json":{"title":"Wellbutrin (Bupropion) kopen Belgi\u00eb \u2013 prijs, dosering & medische info - Dubois-Bajart","description":"Wellbutrin (bupropion) kopen in Belgi\u00eb? Ontdek prijs per verpakking, werking, veiligheid en levering per stad. Receptplichtig antidepressivum via erkende apotheek.","robots":{"index":"index","follow":"follow","max-snippet":"max-snippet:-1","max-image-preview":"max-image-preview:large","max-video-preview":"max-video-preview:-1"},"canonical":"https:\/\/pharmacieduboisbajart.be\/fr\/product\/wellbutrin-bupropion-kopen-belgie\/","og_locale":"fr_FR","og_type":"article","og_title":"Wellbutrin (Bupropion) kopen Belgi\u00eb \u2013 prijs, dosering & medische info - Dubois-Bajart","og_description":"Wellbutrin (bupropion) kopen in Belgi\u00eb? Ontdek prijs per verpakking, werking, veiligheid en levering per stad. Receptplichtig antidepressivum via erkende apotheek.","og_url":"https:\/\/pharmacieduboisbajart.be\/fr\/product\/wellbutrin-bupropion-kopen-belgie\/","og_site_name":"Dubois-Bajart","article_modified_time":"2026-03-05T20:28:00+00:00","twitter_card":"summary_large_image","twitter_misc":{"Dur\u00e9e de lecture estim\u00e9e":"3 minutes"},"schema":{"@context":"https:\/\/schema.org","@graph":[{"@type":"WebPage","@id":"https:\/\/pharmacieduboisbajart.be\/product\/wellbutrin-bupropion-kopen-belgie","url":"https:\/\/pharmacieduboisbajart.be\/product\/wellbutrin-bupropion-kopen-belgie","name":"Wellbutrin (Bupropion) kopen Belgi\u00eb \u2013 prijs, dosering & medische info - Dubois-Bajart","isPartOf":{"@id":"https:\/\/pharmacieduboisbajart.be\/#website"},"datePublished":"2026-03-05T20:26:19+00:00","dateModified":"2026-03-05T20:28:00+00:00","description":"Wellbutrin (bupropion) kopen in Belgi\u00eb? Ontdek prijs per verpakking, werking, veiligheid en levering per stad. Receptplichtig antidepressivum via erkende apotheek.","breadcrumb":{"@id":"https:\/\/pharmacieduboisbajart.be\/product\/wellbutrin-bupropion-kopen-belgie#breadcrumb"},"inLanguage":"fr-FR","potentialAction":[{"@type":"ReadAction","target":["https:\/\/pharmacieduboisbajart.be\/product\/wellbutrin-bupropion-kopen-belgie"]}]},{"@type":"BreadcrumbList","@id":"https:\/\/pharmacieduboisbajart.be\/product\/wellbutrin-bupropion-kopen-belgie#breadcrumb","itemListElement":[{"@type":"ListItem","position":1,"name":"Home","item":"https:\/\/pharmacieduboisbajart.be\/"},{"@type":"ListItem","position":2,"name":"Product","item":"https:\/\/pharmacieduboisbajart.be\/product\/"},{"@type":"ListItem","position":3,"name":"Wellbutrin (Bupropion) kopen Belgi\u00eb \u2013 prijs, dosering &#038; medische info"}]},{"@type":"WebSite","@id":"https:\/\/pharmacieduboisbajart.be\/#website","url":"https:\/\/pharmacieduboisbajart.be\/","name":"Dubois-Bajart","description":"","potentialAction":[{"@type":"SearchAction","target":{"@type":"EntryPoint","urlTemplate":"https:\/\/pharmacieduboisbajart.be\/?s={search_term_string}"},"query-input":{"@type":"PropertyValueSpecification","valueRequired":true,"valueName":"search_term_string"}}],"inLanguage":"fr-FR"}]}},"_links":{"self":[{"href":"https:\/\/pharmacieduboisbajart.be\/fr\/wp-json\/wp\/v2\/pages\/502","targetHints":{"allow":["GET"]}}],"collection":[{"href":"https:\/\/pharmacieduboisbajart.be\/fr\/wp-json\/wp\/v2\/pages"}],"about":[{"href":"https:\/\/pharmacieduboisbajart.be\/fr\/wp-json\/wp\/v2\/types\/page"}],"author":[{"embeddable":true,"href":"https:\/\/pharmacieduboisbajart.be\/fr\/wp-json\/wp\/v2\/users\/1"}],"replies":[{"embeddable":true,"href":"https:\/\/pharmacieduboisbajart.be\/fr\/wp-json\/wp\/v2\/comments?post=502"}],"version-history":[{"count":5,"href":"https:\/\/pharmacieduboisbajart.be\/fr\/wp-json\/wp\/v2\/pages\/502\/revisions"}],"predecessor-version":[{"id":507,"href":"https:\/\/pharmacieduboisbajart.be\/fr\/wp-json\/wp\/v2\/pages\/502\/revisions\/507"}],"up":[{"embeddable":true,"href":"https:\/\/pharmacieduboisbajart.be\/fr\/wp-json\/wp\/v2\/pages\/106"}],"wp:attachment":[{"href":"https:\/\/pharmacieduboisbajart.be\/fr\/wp-json\/wp\/v2\/media?parent=502"}],"curies":[{"name":"wp","href":"https:\/\/api.w.org\/{rel}","templated":true}]}}