{"id":39,"date":"2024-09-26T03:26:28","date_gmt":"2024-09-26T03:26:28","guid":{"rendered":"https:\/\/pharmacieduboisbajart.be\/?page_id=39"},"modified":"2024-09-26T04:03:44","modified_gmt":"2024-09-26T04:03:44","slug":"prescription","status":"publish","type":"page","link":"https:\/\/pharmacieduboisbajart.be\/fr\/prescription","title":{"rendered":"Ordonnance"},"content":{"rendered":"\t\t<div data-elementor-type=\"wp-page\" data-elementor-id=\"39\" class=\"elementor elementor-39\" data-elementor-post-type=\"page\">\n\t\t\t\t<div class=\"elementor-element elementor-element-42984fb e-flex e-con-boxed e-con e-parent\" data-id=\"42984fb\" data-element_type=\"container\" data-e-type=\"container\">\n\t\t\t\t\t<div class=\"e-con-inner\">\n\t\t<div class=\"elementor-element elementor-element-c6fd091 e-con-full e-flex e-con e-child\" data-id=\"c6fd091\" data-element_type=\"container\" data-e-type=\"container\">\n\t\t\t\t<div class=\"elementor-element elementor-element-c93ff02 elementor-widget elementor-widget-heading\" data-id=\"c93ff02\" data-element_type=\"widget\" data-e-type=\"widget\" data-widget_type=\"heading.default\">\n\t\t\t\t<div class=\"elementor-widget-container\">\n\t\t\t\t\t<h1 class=\"elementor-heading-title elementor-size-default\">Verstuur je voorschrift<\/h1>\t\t\t\t<\/div>\n\t\t\t\t<\/div>\n\t\t\t\t<div class=\"elementor-element elementor-element-c2fe6f0 elementor-widget elementor-widget-heading\" data-id=\"c2fe6f0\" data-element_type=\"widget\" data-e-type=\"widget\" data-widget_type=\"heading.default\">\n\t\t\t\t<div class=\"elementor-widget-container\">\n\t\t\t\t\t<h2 class=\"elementor-heading-title elementor-size-default\">Account<\/h2>\t\t\t\t<\/div>\n\t\t\t\t<\/div>\n\t\t\t\t<\/div>\n\t\t<div class=\"elementor-element elementor-element-24a6343 e-con-full e-flex e-con e-child\" data-id=\"24a6343\" data-element_type=\"container\" data-e-type=\"container\">\n\t\t<div class=\"elementor-element elementor-element-192dc45 e-con-full e-flex e-con e-child\" data-id=\"192dc45\" data-element_type=\"container\" data-e-type=\"container\" data-settings=\"{&quot;background_background&quot;:&quot;classic&quot;}\">\n\t\t\t\t<div class=\"elementor-element elementor-element-3947ba5 elementor-widget elementor-widget-heading\" data-id=\"3947ba5\" data-element_type=\"widget\" data-e-type=\"widget\" data-widget_type=\"heading.default\">\n\t\t\t\t<div class=\"elementor-widget-container\">\n\t\t\t\t\t<p class=\"elementor-heading-title elementor-size-default\">Bestaande klant?<\/p>\t\t\t\t<\/div>\n\t\t\t\t<\/div>\n\t\t\t\t<div class=\"elementor-element elementor-element-3ad8d5e elementor-button-align-start elementor-widget elementor-widget-form\" data-id=\"3ad8d5e\" data-element_type=\"widget\" data-e-type=\"widget\" data-settings=\"{&quot;step_next_label&quot;:&quot;Next&quot;,&quot;step_previous_label&quot;:&quot;Previous&quot;,&quot;button_width&quot;:&quot;100&quot;,&quot;step_type&quot;:&quot;number_text&quot;,&quot;step_icon_shape&quot;:&quot;circle&quot;}\" data-widget_type=\"form.default\">\n\t\t\t\t<div class=\"elementor-widget-container\">\n\t\t\t\t\t\t\t<form class=\"elementor-form\" method=\"post\" name=\"New Form\">\n\t\t\t<input type=\"hidden\" name=\"post_id\" value=\"39\"\/>\n\t\t\t<input type=\"hidden\" name=\"form_id\" value=\"3ad8d5e\"\/>\n\t\t\t<input type=\"hidden\" name=\"referer_title\" value=\"Prescription - Dubois-Bajart\" \/>\n\n\t\t\t\t\t\t\t<input type=\"hidden\" name=\"queried_id\" value=\"39\"\/>\n\t\t\t\n\t\t\t<div class=\"elementor-form-fields-wrapper elementor-labels-above\">\n\t\t\t\t\t\t\t\t<div class=\"elementor-field-type-email elementor-field-group elementor-column elementor-field-group-email elementor-col-100 elementor-field-required\">\n\t\t\t\t\t\t\t\t\t\t\t\t\t<input size=\"1\" type=\"email\" name=\"form_fields[email]\" id=\"form-field-email\" class=\"elementor-field elementor-size-sm  elementor-field-textual\" placeholder=\"E-mailadres\" required=\"required\" aria-required=\"true\">\n\t\t\t\t\t\t\t\t\t\t\t<\/div>\n\t\t\t\t\t\t\t\t<div class=\"elementor-field-type-textarea elementor-field-group elementor-column elementor-field-group-message elementor-col-100\">\n\t\t\t\t\t\t\t\t\t\t\t\t<label for=\"form-field-message\" class=\"elementor-field-label\">\n\t\t\t\t\t\t\t\trequired\t\t\t\t\t\t\t<\/label>\n\t\t\t\t\t\t<textarea class=\"elementor-field-textual elementor-field  elementor-size-sm\" name=\"form_fields[message]\" id=\"form-field-message\" rows=\"4\" placeholder=\"Wachtwood\"><\/textarea>\t\t\t\t<\/div>\n\t\t\t\t\t\t\t\t<div class=\"elementor-field-type-text\">\n\t\t\t\t\t<input size=\"1\" type=\"text\" name=\"form_fields[field_a2f4bb3]\" id=\"form-field-field_a2f4bb3\" class=\"elementor-field elementor-size-sm \" style=\"display:none !important;\">\t\t\t\t<\/div>\n\t\t\t\t\t\t\t\t<div class=\"elementor-field-group elementor-column elementor-field-type-submit elementor-col-100 e-form__buttons\">\n\t\t\t\t\t<button class=\"elementor-button elementor-size-sm\" type=\"submit\">\n\t\t\t\t\t\t<span class=\"elementor-button-content-wrapper\">\n\t\t\t\t\t\t\t\t\t\t\t\t\t\t\t\t\t\t\t\t\t\t<span class=\"elementor-button-text\">Aanmelden<\/span>\n\t\t\t\t\t\t\t\t\t\t\t\t\t<\/span>\n\t\t\t\t\t<\/button>\n\t\t\t\t<\/div>\n\t\t\t<\/div>\n\t\t<\/form>\n\t\t\t\t\t\t<\/div>\n\t\t\t\t<\/div>\n\t\t\t\t<\/div>\n\t\t<div class=\"elementor-element elementor-element-61d4ae4 e-con-full e-flex e-con e-child\" data-id=\"61d4ae4\" data-element_type=\"container\" data-e-type=\"container\" data-settings=\"{&quot;background_background&quot;:&quot;classic&quot;}\">\n\t\t\t\t<div class=\"elementor-element elementor-element-2ed166e elementor-widget elementor-widget-text-editor\" data-id=\"2ed166e\" data-element_type=\"widget\" data-e-type=\"widget\" data-widget_type=\"text-editor.default\">\n\t\t\t\t<div class=\"elementor-widget-container\">\n\t\t\t\t\t\t\t\t\t<div class=\"sc-bdVaJa gRrvFh\" data-reactid=\"95\"><header class=\"Text__StyledHeader-l0xqtj-0 cmUaVy\" title=\"Adres\" data-reactid=\"100\"><header class=\"Text__StyledHeader-itnZqb xwzBS\" title=\"Nieuwe klant?\" data-reactid=\"96\"><h3 class=\"Text__H-bLMpSO jHggiS\" data-reactid=\"97\">Nieuwe klant?<\/h3><\/header><p data-reactid=\"99\">Maak een gratis en beveiligd account aan en geniet van talloze voordelen:<\/p><ul data-reactid=\"100\"><li data-reactid=\"101\">Stuur je voorschriften<\/li><li data-reactid=\"102\">Reserveer producten<\/li><li data-reactid=\"103\">Verstuur berichten naar je apotheker<\/li><\/ul><\/header><\/div>\t\t\t\t\t\t\t\t<\/div>\n\t\t\t\t<\/div>\n\t\t\t\t<div class=\"elementor-element elementor-element-21c190c elementor-widget elementor-widget-button\" data-id=\"21c190c\" data-element_type=\"widget\" data-e-type=\"widget\" data-widget_type=\"button.default\">\n\t\t\t\t<div class=\"elementor-widget-container\">\n\t\t\t\t\t\t\t\t\t<div class=\"elementor-button-wrapper\">\n\t\t\t\t\t<a class=\"elementor-button elementor-button-link elementor-size-sm\" href=\"https:\/\/pharmacieduboisbajart.be\/account\/new\">\n\t\t\t\t\t\t<span class=\"elementor-button-content-wrapper\">\n\t\t\t\t\t\t\t\t\t<span class=\"elementor-button-text\">Ga vender<\/span>\n\t\t\t\t\t<\/span>\n\t\t\t\t\t<\/a>\n\t\t\t\t<\/div>\n\t\t\t\t\t\t\t\t<\/div>\n\t\t\t\t<\/div>\n\t\t\t\t<\/div>\n\t\t\t\t<\/div>\n\t\t\t\t\t<\/div>\n\t\t\t\t<\/div>\n\t\t\t\t<\/div>\n\t\t","protected":false},"excerpt":{"rendered":"<p>Envoyez votre ordonnance Compte Client existant ? Nouveau client ? Cr\u00e9ez un compte gratuit et s\u00e9curis\u00e9 et profitez de nombreux avantages : Envoyez vos ordonnances R\u00e9servez des produits Envoyez des messages \u00e0 votre pharmacien Acc\u00e9dez au vendeur<\/p>","protected":false},"author":1,"featured_media":0,"parent":0,"menu_order":0,"comment_status":"closed","ping_status":"closed","template":"","meta":{"footnotes":""},"class_list":["post-39","page","type-page","status-publish","hentry"],"yoast_head":"<!-- This site is optimized with the Yoast SEO plugin v27.4 - https:\/\/yoast.com\/product\/yoast-seo-wordpress\/ -->\n<title>Prescription - Dubois-Bajart<\/title>\n<meta name=\"robots\" content=\"index, follow, max-snippet:-1, max-image-preview:large, max-video-preview:-1\" \/>\n<link rel=\"canonical\" href=\"https:\/\/pharmacieduboisbajart.be\/fr\/prescription\/\" \/>\n<meta property=\"og:locale\" content=\"fr_FR\" \/>\n<meta property=\"og:type\" content=\"article\" \/>\n<meta property=\"og:title\" content=\"Prescription - Dubois-Bajart\" \/>\n<meta property=\"og:description\" content=\"Verstuur je voorschrift Account Bestaande klant? Nieuwe klant? Maak een gratis en beveiligd account aan en geniet van talloze voordelen: Stuur je voorschriften Reserveer producten Verstuur berichten naar je apotheker Ga vender\" \/>\n<meta property=\"og:url\" content=\"https:\/\/pharmacieduboisbajart.be\/fr\/prescription\/\" \/>\n<meta property=\"og:site_name\" content=\"Dubois-Bajart\" \/>\n<meta property=\"article:modified_time\" content=\"2024-09-26T04:03:44+00:00\" \/>\n<meta name=\"twitter:card\" content=\"summary_large_image\" \/>\n<script type=\"application\/ld+json\" class=\"yoast-schema-graph\">{\"@context\":\"https:\\\/\\\/schema.org\",\"@graph\":[{\"@type\":\"WebPage\",\"@id\":\"https:\\\/\\\/pharmacieduboisbajart.be\\\/prescription\",\"url\":\"https:\\\/\\\/pharmacieduboisbajart.be\\\/prescription\",\"name\":\"Prescription - Dubois-Bajart\",\"isPartOf\":{\"@id\":\"https:\\\/\\\/pharmacieduboisbajart.be\\\/#website\"},\"datePublished\":\"2024-09-26T03:26:28+00:00\",\"dateModified\":\"2024-09-26T04:03:44+00:00\",\"breadcrumb\":{\"@id\":\"https:\\\/\\\/pharmacieduboisbajart.be\\\/prescription#breadcrumb\"},\"inLanguage\":\"fr-FR\",\"potentialAction\":[{\"@type\":\"ReadAction\",\"target\":[\"https:\\\/\\\/pharmacieduboisbajart.be\\\/prescription\"]}]},{\"@type\":\"BreadcrumbList\",\"@id\":\"https:\\\/\\\/pharmacieduboisbajart.be\\\/prescription#breadcrumb\",\"itemListElement\":[{\"@type\":\"ListItem\",\"position\":1,\"name\":\"Home\",\"item\":\"https:\\\/\\\/pharmacieduboisbajart.be\\\/\"},{\"@type\":\"ListItem\",\"position\":2,\"name\":\"Prescription\"}]},{\"@type\":\"WebSite\",\"@id\":\"https:\\\/\\\/pharmacieduboisbajart.be\\\/#website\",\"url\":\"https:\\\/\\\/pharmacieduboisbajart.be\\\/\",\"name\":\"Dubois-Bajart\",\"description\":\"\",\"potentialAction\":[{\"@type\":\"SearchAction\",\"target\":{\"@type\":\"EntryPoint\",\"urlTemplate\":\"https:\\\/\\\/pharmacieduboisbajart.be\\\/?s={search_term_string}\"},\"query-input\":{\"@type\":\"PropertyValueSpecification\",\"valueRequired\":true,\"valueName\":\"search_term_string\"}}],\"inLanguage\":\"fr-FR\"}]}<\/script>\n<!-- \/ Yoast SEO plugin. -->","yoast_head_json":{"title":"Prescription - Dubois-Bajart","robots":{"index":"index","follow":"follow","max-snippet":"max-snippet:-1","max-image-preview":"max-image-preview:large","max-video-preview":"max-video-preview:-1"},"canonical":"https:\/\/pharmacieduboisbajart.be\/fr\/prescription\/","og_locale":"fr_FR","og_type":"article","og_title":"Prescription - Dubois-Bajart","og_description":"Verstuur je voorschrift Account Bestaande klant? Nieuwe klant? Maak een gratis en beveiligd account aan en geniet van talloze voordelen: Stuur je voorschriften Reserveer producten Verstuur berichten naar je apotheker Ga vender","og_url":"https:\/\/pharmacieduboisbajart.be\/fr\/prescription\/","og_site_name":"Dubois-Bajart","article_modified_time":"2024-09-26T04:03:44+00:00","twitter_card":"summary_large_image","schema":{"@context":"https:\/\/schema.org","@graph":[{"@type":"WebPage","@id":"https:\/\/pharmacieduboisbajart.be\/prescription","url":"https:\/\/pharmacieduboisbajart.be\/prescription","name":"Prescription - Dubois-Bajart","isPartOf":{"@id":"https:\/\/pharmacieduboisbajart.be\/#website"},"datePublished":"2024-09-26T03:26:28+00:00","dateModified":"2024-09-26T04:03:44+00:00","breadcrumb":{"@id":"https:\/\/pharmacieduboisbajart.be\/prescription#breadcrumb"},"inLanguage":"fr-FR","potentialAction":[{"@type":"ReadAction","target":["https:\/\/pharmacieduboisbajart.be\/prescription"]}]},{"@type":"BreadcrumbList","@id":"https:\/\/pharmacieduboisbajart.be\/prescription#breadcrumb","itemListElement":[{"@type":"ListItem","position":1,"name":"Home","item":"https:\/\/pharmacieduboisbajart.be\/"},{"@type":"ListItem","position":2,"name":"Prescription"}]},{"@type":"WebSite","@id":"https:\/\/pharmacieduboisbajart.be\/#website","url":"https:\/\/pharmacieduboisbajart.be\/","name":"Dubois-Bajart","description":"","potentialAction":[{"@type":"SearchAction","target":{"@type":"EntryPoint","urlTemplate":"https:\/\/pharmacieduboisbajart.be\/?s={search_term_string}"},"query-input":{"@type":"PropertyValueSpecification","valueRequired":true,"valueName":"search_term_string"}}],"inLanguage":"fr-FR"}]}},"_links":{"self":[{"href":"https:\/\/pharmacieduboisbajart.be\/fr\/wp-json\/wp\/v2\/pages\/39","targetHints":{"allow":["GET"]}}],"collection":[{"href":"https:\/\/pharmacieduboisbajart.be\/fr\/wp-json\/wp\/v2\/pages"}],"about":[{"href":"https:\/\/pharmacieduboisbajart.be\/fr\/wp-json\/wp\/v2\/types\/page"}],"author":[{"embeddable":true,"href":"https:\/\/pharmacieduboisbajart.be\/fr\/wp-json\/wp\/v2\/users\/1"}],"replies":[{"embeddable":true,"href":"https:\/\/pharmacieduboisbajart.be\/fr\/wp-json\/wp\/v2\/comments?post=39"}],"version-history":[{"count":19,"href":"https:\/\/pharmacieduboisbajart.be\/fr\/wp-json\/wp\/v2\/pages\/39\/revisions"}],"predecessor-version":[{"id":79,"href":"https:\/\/pharmacieduboisbajart.be\/fr\/wp-json\/wp\/v2\/pages\/39\/revisions\/79"}],"wp:attachment":[{"href":"https:\/\/pharmacieduboisbajart.be\/fr\/wp-json\/wp\/v2\/media?parent=39"}],"curies":[{"name":"wp","href":"https:\/\/api.w.org\/{rel}","templated":true}]}}